{"id":834,"date":"2024-04-22T17:34:34","date_gmt":"2024-04-22T15:34:34","guid":{"rendered":"https:\/\/argonneboisenergie.com\/?page_id=834"},"modified":"2025-05-26T16:44:15","modified_gmt":"2025-05-26T14:44:15","slug":"mentions-legales","status":"publish","type":"page","link":"https:\/\/argonneboisenergie.com\/index.php\/mentions-legales\/","title":{"rendered":"Mentions l\u00e9gales"},"content":{"rendered":"\t\t<div data-elementor-type=\"wp-page\" data-elementor-id=\"834\" class=\"elementor elementor-834\" data-elementor-post-type=\"page\">\n\t\t\t\t<div class=\"elementor-element elementor-element-0d8ced3 e-flex e-con-boxed wpr-particle-no wpr-jarallax-no wpr-parallax-no wpr-sticky-section-no e-con e-parent\" data-id=\"0d8ced3\" data-element_type=\"container\" data-e-type=\"container\">\n\t\t\t\t\t<div class=\"e-con-inner\">\n\t\t\t\t<div class=\"elementor-element elementor-element-1b49e57 elementor-widget elementor-widget-text-editor\" data-id=\"1b49e57\" data-element_type=\"widget\" data-e-type=\"widget\" data-widget_type=\"text-editor.default\">\n\t\t\t\t<div class=\"elementor-widget-container\">\n\t\t\t\t\t\t\t\t\t<h2 class=\"wp-block-heading\">L\u2019entreprise SCIC Argonne Bois Energie<\/h2><div class=\"page\" title=\"Page 3\"><div class=\"section\"><div class=\"layoutArea\"><div class=\"column\"><p>SCIC au capital de 6 500 \u20ac<\/p><p>Sie\u0300ge social : Argonne Bois Energie &#8211; <span style=\"font-family: inherit; letter-spacing: -0.02em;\">1 Chemin de Hautcour 51330 LE VIEIL DAMPIERRE <\/span>\u2013 FRANCE<\/p><p>SIRET 494 237 696 00021<\/p><p>N\u00b0TVA Intracommunautaire : FR06494237696<br \/>Num\u00e9ro RCS : Chalons-en-Champagne B 494 237 696<\/p><p>Email de contact : contact@argonneboisenergie.com<br \/><strong>Site web : <\/strong><strong>www.argonneboisenergie.com<\/strong><\/p><\/div><\/div><\/div><\/div><h2 class=\"wp-block-heading\">H\u00e9bergement, programmation web et webdesign<\/h2><p>Le site <strong>www.argonneboisenergie.com<\/strong> a \u00e9t\u00e9 con\u00e7u et design\u00e9 par l\u2019Agence de communication de Ste M\u00e9nehould <strong>A&amp;G<\/strong> <strong>COM\u2019<\/strong>.<\/p><p>www.artandgraf.com<\/p><p>T\u00e9l :\u00a0<strong>06 95 04 88 39<\/strong> \u2013 <strong>03 26 92 21 47<\/strong><\/p><ul><li><strong>25 rue de l\u2019Arquebuse \u2013\u00a051800 Sainte M\u00e9nehould<\/strong> \u2013 Immatricul\u00e9e au Registre du Commerce et des Soci\u00e9t\u00e9s<\/li><\/ul><p>Adresse de courrier \u00e9lectronique :<\/p><ul><li>Support commercial :\u00a0<a href=\"mailto:contact@artandgraf.com\">contact@artandgraf.com<\/a><\/li><li>Direction technique :\u00a0<a href=\"mailto:conception@artandgraf.com\">conception@artandgraf.com<\/a><\/li><li>Webmaster et solutions web :\u00a0<a href=\"mailto:webmaster@artandgraf.com\">webmaster@artandgraf.com<\/a><\/li><li>Informations compl\u00e9mentaires :\u00a0<a href=\"mailto:info@artandgraf.com\">info@artandgraf.com<\/a><\/li><\/ul><p><strong>H\u00c9BERGEMENT<\/strong><\/p><p>Le site est h\u00e9berg\u00e9\u00a0par\u00a0<strong>OHV France<\/strong><\/p><h2 class=\"wp-block-heading\">Propri\u00e9taire du site<\/h2><p>L\u2019adresse de notre site est : <em>https:\/\/www.argonneboisenergie.com<\/em><\/p><p>SCIC Argonne Bois \u00c9nergie<\/p><h2 class=\"wp-block-heading\">Directeur de publications<\/h2><p>Directeur CEO : DALLE Antoine<\/p><h2 class=\"wp-block-heading\">M\u00e9dias &amp; propri\u00e9t\u00e9 intellectuelle<\/h2><p>L\u2019enti\u00e8ret\u00e9 des m\u00e9dias visibles sur le site officiel de ABE Argonne Bois Energie appartiennent \u00e0 l\u2019entreprise.<\/p><p>Sauf mention contraire, tous les \u00e9l\u00e9ments accessibles sur ce site (textes, images, vid\u00e9os, animations, infographies, visuels, logos, ic\u00f4nes, etc\u2026) restent la propri\u00e9t\u00e9 exclusive d&rsquo;ABE, en ce qui concerne les droits de propri\u00e9t\u00e9 intellectuelle ou les droits d\u2019usage.<\/p><p>Toute reproduction de tout ou d\u2019une partie des \u00e9l\u00e9ments pr\u00e9sents, quel que soit le moyen ou le proc\u00e9d\u00e9 utilis\u00e9, est interdite, sauf autorisation \u00e9crite pr\u00e9alable \u00e0 l\u2019entreprise.<\/p><p><strong>ATTENTION<\/strong>\u00a0: Toute exploitation non autoris\u00e9e de quelconque des \u00e9l\u00e9ments pr\u00e9sents sur ce site est consid\u00e9r\u00e9e comme constitutive d\u2019une contrefa\u00e7on et peut engendrer des poursuites.<\/p><h2 class=\"wp-block-heading\">Cookies<\/h2><p>L\u2019acceptation des Cookies est uniquement l\u00e0 pour votre confort afin de ne pas avoir \u00e0 saisir ces informations si vous d\u00e9posez un autre commentaire plus tard. Ces cookies expirent au bout d\u2019un an.<\/p><h2 class=\"wp-block-heading\">Contenu embarqu\u00e9 depuis d\u2019autres sites<\/h2><p>L\u2019entreprise ABE propri\u00e9taire du site d\u00e9cline toute responsabilit\u00e9 et n\u2019est pas engag\u00e9 par le r\u00e9f\u00e9rencement via des liens hypertextes, de ressources tierces pr\u00e9sentes sur le r\u00e9seau Internet, tant en ce qui concerne leur contenu que leur pertinence. Merci d\u2019en tenir compte lors de votre visite sur ce site. Les pages de ce site peuvent inclure des contenus int\u00e9gr\u00e9s (par exemple des vid\u00e9os, images, articles\u2026). Le contenu int\u00e9gr\u00e9 depuis d\u2019autres sites se comporte de la m\u00eame mani\u00e8re que si le visiteur se rendait sur cet autre site.<\/p><h2 class=\"wp-block-heading\">Confidentialit\u00e9<\/h2><p>Il n\u2019est pas possible pour un visiteur ni de d\u00e9poser un commentaire ni d\u00e9poser un hyperlien. N\u00e9anmoins les risques subsistent, comme sur tout site e-vitrine.\u00a0Aucune information personnelle n\u2019y est recueillie, en outre ce site n\u2019est pas assujetti \u00e0 d\u00e9claration \u00e0 la CNIL.<\/p><p>Seuls les informations renseign\u00e9es dans la bo\u00eete de contact interne peuvent \u00eatre sauvegard\u00e9es. De ce fait, ABE engage sa responsabilit\u00e9 \u00e0 conserver ces derni\u00e8res pour son usage et son usage professionnel uniquement.<\/p><h2>Les droits que vous avez sur vos donn\u00e9es<\/h2><p>Via nos formulaires de contact vous acceptez de soumettre \u00e0 l\u2019entreprise ABE l\u2019utilisation de vos informations renseign\u00e9es \u00e0 ses fins professionnelles<\/p>\t\t\t\t\t\t\t\t<\/div>\n\t\t\t\t<\/div>\n\t\t\t\t\t<\/div>\n\t\t\t\t<\/div>\n\t\t\t\t<\/div>\n\t\t","protected":false},"excerpt":{"rendered":"<p>L\u2019entreprise SCIC Argonne Bois Energie SCIC au capital de 6 500 \u20ac Sie\u0300ge social : Argonne Bois Energie &#8211; 1 Chemin de Hautcour 51330 LE VIEIL DAMPIERRE \u2013 FRANCE SIRET 494 237 696 00021 N\u00b0TVA Intracommunautaire : FR06494237696Num\u00e9ro RCS : Chalons-en-Champagne B 494 237 696 Email de contact : contact@argonneboisenergie.comSite web : www.argonneboisenergie.com H\u00e9bergement, programmation web et webdesign Le site www.argonneboisenergie.com a \u00e9t\u00e9 con\u00e7u et design\u00e9 par l\u2019Agence de communication de Ste M\u00e9nehould A&amp;G COM\u2019. www.artandgraf.com T\u00e9l :\u00a006 95 04 88 39 \u2013 03 26 92 21 47 25 rue de l\u2019Arquebuse \u2013\u00a051800 Sainte M\u00e9nehould \u2013 Immatricul\u00e9e au Registre du Commerce et des Soci\u00e9t\u00e9s Adresse de courrier \u00e9lectronique : Support commercial :\u00a0contact@artandgraf.com Direction technique :\u00a0conception@artandgraf.com Webmaster et solutions&hellip;<\/p>\n","protected":false},"author":1,"featured_media":0,"parent":0,"menu_order":0,"comment_status":"closed","ping_status":"closed","template":"elementor_header_footer","meta":{"footnotes":""},"class_list":["post-834","page","type-page","status-publish","hentry"],"yoast_head":"<!-- This site is optimized with the Yoast SEO plugin v26.9 - https:\/\/yoast.com\/product\/yoast-seo-wordpress\/ -->\n<title>Mentions l\u00e9gales - Argonne Bois Energie<\/title>\n<meta name=\"robots\" content=\"index, follow, max-snippet:-1, max-image-preview:large, max-video-preview:-1\" \/>\n<link rel=\"canonical\" href=\"https:\/\/argonneboisenergie.com\/index.php\/mentions-legales\/\" \/>\n<meta property=\"og:locale\" content=\"fr_FR\" \/>\n<meta property=\"og:type\" content=\"article\" \/>\n<meta property=\"og:title\" content=\"Mentions l\u00e9gales - Argonne Bois Energie\" \/>\n<meta property=\"og:description\" content=\"L\u2019entreprise SCIC Argonne Bois Energie SCIC au capital de 6 500 \u20ac Sie\u0300ge social : Argonne Bois Energie &#8211; 1 Chemin de Hautcour 51330 LE VIEIL DAMPIERRE \u2013 FRANCE SIRET 494 237 696 00021 N\u00b0TVA Intracommunautaire : FR06494237696Num\u00e9ro RCS : Chalons-en-Champagne B 494 237 696 Email de contact : contact@argonneboisenergie.comSite web : www.argonneboisenergie.com H\u00e9bergement, programmation web et webdesign Le site www.argonneboisenergie.com a \u00e9t\u00e9 con\u00e7u et design\u00e9 par l\u2019Agence de communication de Ste M\u00e9nehould A&amp;G COM\u2019. www.artandgraf.com T\u00e9l :\u00a006 95 04 88 39 \u2013 03 26 92 21 47 25 rue de l\u2019Arquebuse \u2013\u00a051800 Sainte M\u00e9nehould \u2013 Immatricul\u00e9e au Registre du Commerce et des Soci\u00e9t\u00e9s Adresse de courrier \u00e9lectronique : Support commercial :\u00a0contact@artandgraf.com Direction technique :\u00a0conception@artandgraf.com Webmaster et solutions&hellip;\" \/>\n<meta property=\"og:url\" content=\"https:\/\/argonneboisenergie.com\/index.php\/mentions-legales\/\" \/>\n<meta property=\"og:site_name\" content=\"Argonne Bois Energie\" \/>\n<meta property=\"article:modified_time\" content=\"2025-05-26T14:44:15+00:00\" \/>\n<meta name=\"twitter:card\" content=\"summary_large_image\" \/>\n<meta name=\"twitter:label1\" content=\"Dur\u00e9e de lecture estim\u00e9e\" \/>\n\t<meta name=\"twitter:data1\" content=\"3 minutes\" \/>\n<script type=\"application\/ld+json\" class=\"yoast-schema-graph\">{\"@context\":\"https:\/\/schema.org\",\"@graph\":[{\"@type\":\"WebPage\",\"@id\":\"https:\/\/argonneboisenergie.com\/index.php\/mentions-legales\/\",\"url\":\"https:\/\/argonneboisenergie.com\/index.php\/mentions-legales\/\",\"name\":\"Mentions l\u00e9gales - Argonne Bois Energie\",\"isPartOf\":{\"@id\":\"https:\/\/argonneboisenergie.com\/#website\"},\"datePublished\":\"2024-04-22T15:34:34+00:00\",\"dateModified\":\"2025-05-26T14:44:15+00:00\",\"breadcrumb\":{\"@id\":\"https:\/\/argonneboisenergie.com\/index.php\/mentions-legales\/#breadcrumb\"},\"inLanguage\":\"fr-FR\",\"potentialAction\":[{\"@type\":\"ReadAction\",\"target\":[\"https:\/\/argonneboisenergie.com\/index.php\/mentions-legales\/\"]}]},{\"@type\":\"BreadcrumbList\",\"@id\":\"https:\/\/argonneboisenergie.com\/index.php\/mentions-legales\/#breadcrumb\",\"itemListElement\":[{\"@type\":\"ListItem\",\"position\":1,\"name\":\"Accueil\",\"item\":\"https:\/\/argonneboisenergie.com\/\"},{\"@type\":\"ListItem\",\"position\":2,\"name\":\"Mentions l\u00e9gales\"}]},{\"@type\":\"WebSite\",\"@id\":\"https:\/\/argonneboisenergie.com\/#website\",\"url\":\"https:\/\/argonneboisenergie.com\/\",\"name\":\"Argonne Bois Energie\",\"description\":\"LES SP\u00c9CIALISTES DU BOIS \u00c9NERGIE EN CIRCUIT COURT !\",\"publisher\":{\"@id\":\"https:\/\/argonneboisenergie.com\/#organization\"},\"alternateName\":\"ABE\",\"potentialAction\":[{\"@type\":\"SearchAction\",\"target\":{\"@type\":\"EntryPoint\",\"urlTemplate\":\"https:\/\/argonneboisenergie.com\/?s={search_term_string}\"},\"query-input\":{\"@type\":\"PropertyValueSpecification\",\"valueRequired\":true,\"valueName\":\"search_term_string\"}}],\"inLanguage\":\"fr-FR\"},{\"@type\":\"Organization\",\"@id\":\"https:\/\/argonneboisenergie.com\/#organization\",\"name\":\"Argonne Bois Energie\",\"url\":\"https:\/\/argonneboisenergie.com\/\",\"logo\":{\"@type\":\"ImageObject\",\"inLanguage\":\"fr-FR\",\"@id\":\"https:\/\/argonneboisenergie.com\/#\/schema\/logo\/image\/\",\"url\":\"https:\/\/argonneboisenergie.com\/wp-content\/uploads\/2024\/05\/titre-ABE-2.png\",\"contentUrl\":\"https:\/\/argonneboisenergie.com\/wp-content\/uploads\/2024\/05\/titre-ABE-2.png\",\"width\":250,\"height\":127,\"caption\":\"Argonne Bois Energie\"},\"image\":{\"@id\":\"https:\/\/argonneboisenergie.com\/#\/schema\/logo\/image\/\"}}]}<\/script>\n<!-- \/ Yoast SEO plugin. -->","yoast_head_json":{"title":"Mentions l\u00e9gales - Argonne Bois Energie","robots":{"index":"index","follow":"follow","max-snippet":"max-snippet:-1","max-image-preview":"max-image-preview:large","max-video-preview":"max-video-preview:-1"},"canonical":"https:\/\/argonneboisenergie.com\/index.php\/mentions-legales\/","og_locale":"fr_FR","og_type":"article","og_title":"Mentions l\u00e9gales - Argonne Bois Energie","og_description":"L\u2019entreprise SCIC Argonne Bois Energie SCIC au capital de 6 500 \u20ac Sie\u0300ge social : Argonne Bois Energie &#8211; 1 Chemin de Hautcour 51330 LE VIEIL DAMPIERRE \u2013 FRANCE SIRET 494 237 696 00021 N\u00b0TVA Intracommunautaire : FR06494237696Num\u00e9ro RCS : Chalons-en-Champagne B 494 237 696 Email de contact : contact@argonneboisenergie.comSite web : www.argonneboisenergie.com H\u00e9bergement, programmation web et webdesign Le site www.argonneboisenergie.com a \u00e9t\u00e9 con\u00e7u et design\u00e9 par l\u2019Agence de communication de Ste M\u00e9nehould A&amp;G COM\u2019. www.artandgraf.com T\u00e9l :\u00a006 95 04 88 39 \u2013 03 26 92 21 47 25 rue de l\u2019Arquebuse \u2013\u00a051800 Sainte M\u00e9nehould \u2013 Immatricul\u00e9e au Registre du Commerce et des Soci\u00e9t\u00e9s Adresse de courrier \u00e9lectronique : Support commercial :\u00a0contact@artandgraf.com Direction technique :\u00a0conception@artandgraf.com Webmaster et solutions&hellip;","og_url":"https:\/\/argonneboisenergie.com\/index.php\/mentions-legales\/","og_site_name":"Argonne Bois Energie","article_modified_time":"2025-05-26T14:44:15+00:00","twitter_card":"summary_large_image","twitter_misc":{"Dur\u00e9e de lecture estim\u00e9e":"3 minutes"},"schema":{"@context":"https:\/\/schema.org","@graph":[{"@type":"WebPage","@id":"https:\/\/argonneboisenergie.com\/index.php\/mentions-legales\/","url":"https:\/\/argonneboisenergie.com\/index.php\/mentions-legales\/","name":"Mentions l\u00e9gales - Argonne Bois Energie","isPartOf":{"@id":"https:\/\/argonneboisenergie.com\/#website"},"datePublished":"2024-04-22T15:34:34+00:00","dateModified":"2025-05-26T14:44:15+00:00","breadcrumb":{"@id":"https:\/\/argonneboisenergie.com\/index.php\/mentions-legales\/#breadcrumb"},"inLanguage":"fr-FR","potentialAction":[{"@type":"ReadAction","target":["https:\/\/argonneboisenergie.com\/index.php\/mentions-legales\/"]}]},{"@type":"BreadcrumbList","@id":"https:\/\/argonneboisenergie.com\/index.php\/mentions-legales\/#breadcrumb","itemListElement":[{"@type":"ListItem","position":1,"name":"Accueil","item":"https:\/\/argonneboisenergie.com\/"},{"@type":"ListItem","position":2,"name":"Mentions l\u00e9gales"}]},{"@type":"WebSite","@id":"https:\/\/argonneboisenergie.com\/#website","url":"https:\/\/argonneboisenergie.com\/","name":"Argonne Bois Energie","description":"LES SP\u00c9CIALISTES DU BOIS \u00c9NERGIE EN CIRCUIT COURT !","publisher":{"@id":"https:\/\/argonneboisenergie.com\/#organization"},"alternateName":"ABE","potentialAction":[{"@type":"SearchAction","target":{"@type":"EntryPoint","urlTemplate":"https:\/\/argonneboisenergie.com\/?s={search_term_string}"},"query-input":{"@type":"PropertyValueSpecification","valueRequired":true,"valueName":"search_term_string"}}],"inLanguage":"fr-FR"},{"@type":"Organization","@id":"https:\/\/argonneboisenergie.com\/#organization","name":"Argonne Bois Energie","url":"https:\/\/argonneboisenergie.com\/","logo":{"@type":"ImageObject","inLanguage":"fr-FR","@id":"https:\/\/argonneboisenergie.com\/#\/schema\/logo\/image\/","url":"https:\/\/argonneboisenergie.com\/wp-content\/uploads\/2024\/05\/titre-ABE-2.png","contentUrl":"https:\/\/argonneboisenergie.com\/wp-content\/uploads\/2024\/05\/titre-ABE-2.png","width":250,"height":127,"caption":"Argonne Bois Energie"},"image":{"@id":"https:\/\/argonneboisenergie.com\/#\/schema\/logo\/image\/"}}]}},"_links":{"self":[{"href":"https:\/\/argonneboisenergie.com\/index.php\/wp-json\/wp\/v2\/pages\/834","targetHints":{"allow":["GET"]}}],"collection":[{"href":"https:\/\/argonneboisenergie.com\/index.php\/wp-json\/wp\/v2\/pages"}],"about":[{"href":"https:\/\/argonneboisenergie.com\/index.php\/wp-json\/wp\/v2\/types\/page"}],"author":[{"embeddable":true,"href":"https:\/\/argonneboisenergie.com\/index.php\/wp-json\/wp\/v2\/users\/1"}],"replies":[{"embeddable":true,"href":"https:\/\/argonneboisenergie.com\/index.php\/wp-json\/wp\/v2\/comments?post=834"}],"version-history":[{"count":19,"href":"https:\/\/argonneboisenergie.com\/index.php\/wp-json\/wp\/v2\/pages\/834\/revisions"}],"predecessor-version":[{"id":1543,"href":"https:\/\/argonneboisenergie.com\/index.php\/wp-json\/wp\/v2\/pages\/834\/revisions\/1543"}],"wp:attachment":[{"href":"https:\/\/argonneboisenergie.com\/index.php\/wp-json\/wp\/v2\/media?parent=834"}],"curies":[{"name":"wp","href":"https:\/\/api.w.org\/{rel}","templated":true}]}}